{"id":3,"date":"2025-01-07T19:27:09","date_gmt":"2025-01-07T18:27:09","guid":{"rendered":"https:\/\/escuelamunicipaldeidiomas.toledo.es\/?page_id=3"},"modified":"2025-06-10T12:04:53","modified_gmt":"2025-06-10T10:04:53","slug":"politica-privacidad","status":"publish","type":"page","link":"https:\/\/escuelamunicipaldeidiomas.toledo.es\/index.php\/politica-privacidad\/","title":{"rendered":"Pol\u00edtica de privacidad"},"content":{"rendered":"\t\t<div data-elementor-type=\"wp-page\" data-elementor-id=\"3\" class=\"elementor elementor-3\" data-elementor-post-type=\"page\">\n\t\t\t\t<div class=\"elementor-element elementor-element-15cb252b e-flex e-con-boxed e-con e-parent\" data-id=\"15cb252b\" data-element_type=\"container\" data-e-type=\"container\">\n\t\t\t\t\t<div class=\"e-con-inner\">\n\t\t<div class=\"elementor-element elementor-element-7e2e9b2 e-con-full e-grid e-con e-child\" data-id=\"7e2e9b2\" data-element_type=\"container\" data-e-type=\"container\">\n\t\t\t\t<div class=\"elementor-element elementor-element-858f301 elementor-widget elementor-widget-image\" data-id=\"858f301\" data-element_type=\"widget\" data-e-type=\"widget\" data-widget_type=\"image.default\">\n\t\t\t\t<div class=\"elementor-widget-container\">\n\t\t\t\t\t\t\t\t\t\t\t\t\t\t\t<img fetchpriority=\"high\" decoding=\"async\" width=\"1024\" height=\"388\" src=\"https:\/\/escuelamunicipaldeidiomas.toledo.es\/wp-content\/uploads\/2025\/04\/ESCUELA-MUNICIPAL-DE-IDIOMAS-1-1024x388.png\" class=\"attachment-large size-large wp-image-3608\" alt=\"\" srcset=\"https:\/\/escuelamunicipaldeidiomas.toledo.es\/wp-content\/uploads\/2025\/04\/ESCUELA-MUNICIPAL-DE-IDIOMAS-1-1024x388.png 1024w, https:\/\/escuelamunicipaldeidiomas.toledo.es\/wp-content\/uploads\/2025\/04\/ESCUELA-MUNICIPAL-DE-IDIOMAS-1-300x114.png 300w, https:\/\/escuelamunicipaldeidiomas.toledo.es\/wp-content\/uploads\/2025\/04\/ESCUELA-MUNICIPAL-DE-IDIOMAS-1-768x291.png 768w, https:\/\/escuelamunicipaldeidiomas.toledo.es\/wp-content\/uploads\/2025\/04\/ESCUELA-MUNICIPAL-DE-IDIOMAS-1-1536x581.png 1536w, https:\/\/escuelamunicipaldeidiomas.toledo.es\/wp-content\/uploads\/2025\/04\/ESCUELA-MUNICIPAL-DE-IDIOMAS-1.png 2048w\" sizes=\"(max-width: 1024px) 100vw, 1024px\" \/>\t\t\t\t\t\t\t\t\t\t\t\t\t\t\t<\/div>\n\t\t\t\t<\/div>\n\t\t\t\t<div class=\"elementor-element elementor-element-0925fcb eael-dual-header-content-align-center elementor-widget elementor-widget-eael-dual-color-header\" data-id=\"0925fcb\" data-element_type=\"widget\" data-e-type=\"widget\" data-widget_type=\"eael-dual-color-header.default\">\n\t\t\t\t<div class=\"elementor-widget-container\">\n\t\t\t\t\t\t\t\t<div class=\"eael-dual-header\">\n\t\t\t\t<h2 class=\"title eael-dch-title\"><span class=\"eael-dch-title-text eael-dch-title-lead lead solid-color\">Politica de<\/span> <span class=\"eael-dch-title-text\">Privacidad<\/span><\/h2>\t\t\t<\/div>\n\n\t\t\t\t\t\t<\/div>\n\t\t\t\t<\/div>\n\t\t\t\t<\/div>\n\t\t\t\t<div class=\"elementor-element elementor-element-3df335c1 elementor-widget elementor-widget-text-editor\" data-id=\"3df335c1\" data-element_type=\"widget\" data-e-type=\"widget\" data-widget_type=\"text-editor.default\">\n\t\t\t\t<div class=\"elementor-widget-container\">\n\t\t\t\t\t\t\t\t\t\n<p>El Ayuntamiento de Toledo en aplicaci\u00f3n de la normativa vigente en materia de protecci\u00f3n de datos de car\u00e1cter personal, informa que los datos personales que se recogen a trav\u00e9s de los formularios del Sitio web:\u00a0<a href=\"http:\/\/www.toledo.es\/\">www.Toledo.es<\/a>\u00a0 se incluyen en los ficheros automatizados espec\u00edficos de usuarios de los servicios del propio ayuntamiento. La recogida y tratamiento automatizado de los datos de car\u00e1cter personal tiene como finalidad la gesti\u00f3n, prestaci\u00f3n y mejora de los servicios p\u00fablicos que se prestan.<\/p>\n<p>Estos datos \u00fanicamente ser\u00e1n cedidos a aquellas entidades que sean necesarias con el \u00fanico objetivo de dar cumplimiento a la finalidad anteriormente expuesta.<\/p>\n<p>El Ayuntamiento de Toledo adopta las medidas necesarias para garantizar la seguridad, integridad y confidencialidad de los datos conforme a lo dispuesto en el Reglamento (UE) 2016\/679 del Parlamento Europeo y del Consejo, de 27 de abril de 2016, relativo a la protecci\u00f3n de las personas f\u00edsicas en lo que respecta al tratamiento de datos personales y a la libre circulaci\u00f3n de los mismos, y, en la Ley Org\u00e1nica 3\/2018, de 5 de diciembre, de Protecci\u00f3n de Datos Personales y garant\u00eda de los derechos digitales. El usuario podr\u00e1 en cualquier momento ejercitar los derechos de acceso, oposici\u00f3n, rectificaci\u00f3n, cancelaci\u00f3n y limitaci\u00f3n reconocidos en el citado Reglamento (UE). El ejercicio de estos derechos puede realizarlo el propio usuario a trav\u00e9s de email a: dpd@toledo.es o en la direcci\u00f3n: Plaza del Consistorio n\u00ba\u00a0 1, 45071 de Toledo o trav\u00e9s de la sede electr\u00f3nica del Ayuntamiento de Toledo\u00a0(<a href=\"https:\/\/www.toledo.es\/catalogo\/?p=ejercicio-de-derechos-de-proteccion-de-datos&amp;id=133\" target=\"_blank\" rel=\"noopener noreferrer\" data-saferedirecturl=\"https:\/\/www.google.com\/url?q=https:\/\/www.toledo.es\/catalogo\/?p%3Dejercicio-de-derechos-de-proteccion-de-datos%26id%3D133&amp;source=gmail&amp;ust=1593254187170000&amp;usg=AFQjCNE9BZasmcNkUg55Tin9IlewD7ConQ\">Ejercicio de derechos de protecci\u00f3n de datos<\/a>\u00a0).<\/p>\n<p>El usuario manifiesta que todos los datos facilitados por \u00e9l son ciertos y correctos, y se compromete a mantenerlos actualizados, comunicando los cambios al Ayuntamiento de Toledo.<\/p>\n<p>\u00a0<\/p>\n<p><strong>\u00a0Finalidad del tratamiento de los datos personales<\/strong><\/p>\n<p>\u00bfCon qu\u00e9 finalidad trataremos sus datos personales?<\/p>\n<p>En el Ayuntamiento de Toledo, trataremos sus datos personales recabados a trav\u00e9s del Sitio Web:\u00a0<a href=\"http:\/\/www.toledo.es\/\">www.Toledo.es<\/a>, con la finalidad de gesti\u00f3n y prestaci\u00f3n de los servicios p\u00fablicos municipales.<\/p>\n<p>\u00a0<\/p>\n<p><strong>\u00bfPor cu\u00e1nto tiempo se conservan los datos personales recabados?<\/strong>\u00a0Los datos personales proporcionados se conservar\u00e1n mientras sean necesarios para la prestaci\u00f3n del servicio solicitado y para el cumplimiento de obligaciones legales.<\/p>\n<p><strong>Legitimaci\u00f3n<\/strong><\/p>\n<p>El tratamiento de sus datos se realiza con las siguientes bases jur\u00eddicas que legitiman el mismo:<\/p>\n<ol>\n<li>El cumplimiento de una obligaci\u00f3n legal.<\/li>\n<li>El cumplimiento de una misi\u00f3n de inter\u00e9s p\u00fablico o en el ejercicio de poderes p\u00fablicos.<\/li>\n<\/ol>\n<p>\u00a0<\/p>\n<p><strong>Destinatarios<\/strong><\/p>\n<p>Los datos no se comunicar\u00e1n a ning\u00fan tercero ajeno al Ayuntamiento de Toledo o sus entes colaboradoras, salvo obligaci\u00f3n legal. Como responsables de tratamiento, tenemos contratados a los siguientes proveedores de servicios, habi\u00e9ndose comprometido al cumplimiento de las disposiciones normativas, de aplicaci\u00f3n en materia de protecci\u00f3n de datos, en el momento de su contrataci\u00f3n:<\/p>\t\t\t\t\t\t\t\t<\/div>\n\t\t\t\t<\/div>\n\t\t\t\t\t<\/div>\n\t\t\t\t<\/div>\n\t\t\t\t<\/div>\n\t\t","protected":false},"excerpt":{"rendered":"<p>Politica de Privacidad El Ayuntamiento de Toledo en aplicaci\u00f3n de la normativa vigente en materia de protecci\u00f3n de datos de [&hellip;]<\/p>\n","protected":false},"author":1,"featured_media":0,"parent":0,"menu_order":0,"comment_status":"closed","ping_status":"open","template":"","meta":{"_bbp_topic_count":0,"_bbp_reply_count":0,"_bbp_total_topic_count":0,"_bbp_total_reply_count":0,"_bbp_voice_count":0,"_bbp_anonymous_reply_count":0,"_bbp_topic_count_hidden":0,"_bbp_reply_count_hidden":0,"_bbp_forum_subforum_count":0,"site-sidebar-layout":"default","site-content-layout":"","ast-site-content-layout":"default","site-content-style":"default","site-sidebar-style":"default","ast-global-header-display":"","ast-banner-title-visibility":"","ast-main-header-display":"","ast-hfb-above-header-display":"","ast-hfb-below-header-display":"","ast-hfb-mobile-header-display":"","site-post-title":"","ast-breadcrumbs-content":"","ast-featured-img":"","footer-sml-layout":"","ast-disable-related-posts":"","theme-transparent-header-meta":"","adv-header-id-meta":"","stick-header-meta":"","header-above-stick-meta":"","header-main-stick-meta":"","header-below-stick-meta":"","astra-migrate-meta-layouts":"default","ast-page-background-enabled":"default","ast-page-background-meta":{"desktop":{"background-color":"var(--ast-global-color-5)","background-image":"","background-repeat":"repeat","background-position":"center center","background-size":"auto","background-attachment":"scroll","background-type":"","background-media":"","overlay-type":"","overlay-color":"","overlay-opacity":"","overlay-gradient":""},"tablet":{"background-color":"","background-image":"","background-repeat":"repeat","background-position":"center center","background-size":"auto","background-attachment":"scroll","background-type":"","background-media":"","overlay-type":"","overlay-color":"","overlay-opacity":"","overlay-gradient":""},"mobile":{"background-color":"","background-image":"","background-repeat":"repeat","background-position":"center center","background-size":"auto","background-attachment":"scroll","background-type":"","background-media":"","overlay-type":"","overlay-color":"","overlay-opacity":"","overlay-gradient":""}},"ast-content-background-meta":{"desktop":{"background-color":"var(--ast-global-color-4)","background-image":"","background-repeat":"repeat","background-position":"center center","background-size":"auto","background-attachment":"scroll","background-type":"","background-media":"","overlay-type":"","overlay-color":"","overlay-opacity":"","overlay-gradient":""},"tablet":{"background-color":"var(--ast-global-color-4)","background-image":"","background-repeat":"repeat","background-position":"center center","background-size":"auto","background-attachment":"scroll","background-type":"","background-media":"","overlay-type":"","overlay-color":"","overlay-opacity":"","overlay-gradient":""},"mobile":{"background-color":"var(--ast-global-color-4)","background-image":"","background-repeat":"repeat","background-position":"center center","background-size":"auto","background-attachment":"scroll","background-type":"","background-media":"","overlay-type":"","overlay-color":"","overlay-opacity":"","overlay-gradient":""}},"footnotes":""},"class_list":["post-3","page","type-page","status-publish","hentry"],"_links":{"self":[{"href":"https:\/\/escuelamunicipaldeidiomas.toledo.es\/index.php\/wp-json\/wp\/v2\/pages\/3","targetHints":{"allow":["GET"]}}],"collection":[{"href":"https:\/\/escuelamunicipaldeidiomas.toledo.es\/index.php\/wp-json\/wp\/v2\/pages"}],"about":[{"href":"https:\/\/escuelamunicipaldeidiomas.toledo.es\/index.php\/wp-json\/wp\/v2\/types\/page"}],"author":[{"embeddable":true,"href":"https:\/\/escuelamunicipaldeidiomas.toledo.es\/index.php\/wp-json\/wp\/v2\/users\/1"}],"replies":[{"embeddable":true,"href":"https:\/\/escuelamunicipaldeidiomas.toledo.es\/index.php\/wp-json\/wp\/v2\/comments?post=3"}],"version-history":[{"count":0,"href":"https:\/\/escuelamunicipaldeidiomas.toledo.es\/index.php\/wp-json\/wp\/v2\/pages\/3\/revisions"}],"wp:attachment":[{"href":"https:\/\/escuelamunicipaldeidiomas.toledo.es\/index.php\/wp-json\/wp\/v2\/media?parent=3"}],"curies":[{"name":"wp","href":"https:\/\/api.w.org\/{rel}","templated":true}]}}