{"id":831,"date":"2025-01-16T06:55:36","date_gmt":"2025-01-16T05:55:36","guid":{"rendered":"https:\/\/escuelaidiomatoledo.live-website.com\/index.php\/eledeal-homepage-2\/"},"modified":"2025-10-07T07:52:47","modified_gmt":"2025-10-07T05:52:47","slug":"eledeal-homepage-2","status":"publish","type":"page","link":"https:\/\/escuelamunicipaldeidiomas.toledo.es\/","title":{"rendered":"Inicio"},"content":{"rendered":"\t\t<div data-elementor-type=\"wp-page\" data-elementor-id=\"831\" class=\"elementor elementor-831\" data-elementor-post-type=\"page\">\n\t\t\t\t<div class=\"elementor-element elementor-element-1bc95d0 e-con-full e-flex e-con e-parent\" data-id=\"1bc95d0\" data-element_type=\"container\" data-e-type=\"container\">\n\t\t\t\t<\/div>\n\t\t\t\t<section class=\"elementor-section elementor-top-section elementor-element elementor-element-43f13b03 elementor-section-boxed elementor-section-height-default elementor-section-height-default\" data-id=\"43f13b03\" data-element_type=\"section\" data-e-type=\"section\" data-settings=\"{&quot;background_background&quot;:&quot;classic&quot;}\">\n\t\t\t\t\t\t<div class=\"elementor-container elementor-column-gap-no\">\n\t\t\t\t\t<div class=\"elementor-column elementor-col-100 elementor-top-column elementor-element elementor-element-523c3807\" data-id=\"523c3807\" data-element_type=\"column\" data-e-type=\"column\">\n\t\t\t<div class=\"elementor-widget-wrap elementor-element-populated\">\n\t\t\t\t\t\t<section class=\"elementor-section elementor-inner-section elementor-element elementor-element-45fe3313 elementor-section-boxed elementor-section-height-default elementor-section-height-default\" data-id=\"45fe3313\" data-element_type=\"section\" data-e-type=\"section\">\n\t\t\t\t\t\t<div class=\"elementor-container elementor-column-gap-no\">\n\t\t\t\t\t<div class=\"elementor-column elementor-col-33 elementor-inner-column elementor-element elementor-element-50c387df\" data-id=\"50c387df\" data-element_type=\"column\" data-e-type=\"column\">\n\t\t\t<div class=\"elementor-widget-wrap elementor-element-populated\">\n\t\t\t\t\t\t<div class=\"elementor-element elementor-element-eae14ee eael-infobox-shape-circle eael-infobox-hover-img-shape-circle eael-infobox-content-align--center elementor-invisible elementor-widget elementor-widget-eael-info-box\" data-id=\"eae14ee\" data-element_type=\"widget\" data-e-type=\"widget\" data-settings=\"{&quot;_animation&quot;:&quot;fadeIn&quot;}\" data-widget_type=\"eael-info-box.default\">\n\t\t\t\t<div class=\"elementor-widget-container\">\n\t\t\t\t\t            <a href=\"index.php\/admision\/\">\n\t            <div class=\"eael-infobox icon-on-top\">\n\t            <div class=\"infobox-icon\">\n\n                            <img decoding=\"async\" src=\"https:\/\/escuelamunicipaldeidiomas.toledo.es\/wp-content\/uploads\/2025\/01\/8acc3592-icon-4.png\" alt=\"\">\n            \n            \n            \n        <\/div>\n            <div class=\"infobox-content\">\n                    <div class=\"infobox-title-section\">\n                <h2 class=\"title\">Preinscripci\u00f3n<\/h2>            <\/div>\n            <div><p><span style=\"color: #ffffff\">El formulario de preinscripci\u00f3n estar\u00e1 disponible a partir del 1 de septiembre<\/span><\/p><\/div>        <\/div>\n            <\/div>\n\n\t\t            <\/a>\n\t\t\t\t\t\t<\/div>\n\t\t\t\t<\/div>\n\t\t\t\t\t<\/div>\n\t\t<\/div>\n\t\t\t\t<div class=\"elementor-column elementor-col-33 elementor-inner-column elementor-element elementor-element-3383d84\" data-id=\"3383d84\" data-element_type=\"column\" data-e-type=\"column\">\n\t\t\t<div class=\"elementor-widget-wrap elementor-element-populated\">\n\t\t\t\t\t\t<div class=\"elementor-element elementor-element-d12a3d8 eael-infobox-shape-circle eael-infobox-hover-img-shape-circle eael-infobox-content-align--center elementor-widget elementor-widget-eael-info-box\" data-id=\"d12a3d8\" data-element_type=\"widget\" data-e-type=\"widget\" data-widget_type=\"eael-info-box.default\">\n\t\t\t\t<div class=\"elementor-widget-container\">\n\t\t\t\t\t            <a href=\"\/index.php\/tasas\/\">\n\t            <div class=\"eael-infobox icon-on-top\">\n\t            <div class=\"infobox-icon\">\n\n                            <img decoding=\"async\" src=\"https:\/\/escuelamunicipaldeidiomas.toledo.es\/wp-content\/uploads\/2025\/01\/4b30ed29-icon-01.png\" alt=\"\">\n            \n            \n            \n        <\/div>\n            <div class=\"infobox-content\">\n                    <div class=\"infobox-title-section\">\n                <h1 class=\"title\">Tasas<\/h1>            <\/div>\n            <div><p>\u00a0<\/p><p><span style=\"color: #ffffff\">Revisa las tasas de cada curso\u00a0<\/span><\/p><\/div>        <\/div>\n            <\/div>\n\n\t\t            <\/a>\n\t\t\t\t\t\t<\/div>\n\t\t\t\t<\/div>\n\t\t\t\t\t<\/div>\n\t\t<\/div>\n\t\t\t\t<div class=\"elementor-column elementor-col-33 elementor-inner-column elementor-element elementor-element-78e0d02d\" data-id=\"78e0d02d\" data-element_type=\"column\" data-e-type=\"column\">\n\t\t\t<div class=\"elementor-widget-wrap elementor-element-populated\">\n\t\t\t\t\t\t<div class=\"elementor-element elementor-element-381d305 eael-infobox-shape-circle eael-infobox-hover-img-shape-circle eael-infobox-content-align--center elementor-widget elementor-widget-eael-info-box\" data-id=\"381d305\" data-element_type=\"widget\" data-e-type=\"widget\" data-widget_type=\"eael-info-box.default\">\n\t\t\t\t<div class=\"elementor-widget-container\">\n\t\t\t\t\t            <a href=\"\/index.php\/solicitud-de-certificados-y-titulacion\/\">\n\t            <div class=\"eael-infobox icon-on-top\">\n\t            <div class=\"infobox-icon\">\n\n                            <img decoding=\"async\" src=\"https:\/\/escuelamunicipaldeidiomas.toledo.es\/wp-content\/uploads\/2025\/01\/79093a7c-icon-05.png\" alt=\"\">\n            \n            \n            \n        <\/div>\n            <div class=\"infobox-content\">\n                    <div class=\"infobox-title-section\">\n                <h2 class=\"title\">Titulaci\u00f3n y certificados<\/h2>            <\/div>\n            <div><p>Solicitar t\u00edtulos y certificados<\/p><p>\u00a0<\/p><\/div>        <\/div>\n            <\/div>\n\n\t\t            <\/a>\n\t\t\t\t\t\t<\/div>\n\t\t\t\t<\/div>\n\t\t\t\t\t<\/div>\n\t\t<\/div>\n\t\t\t\t\t<\/div>\n\t\t<\/section>\n\t\t\t\t\t<\/div>\n\t\t<\/div>\n\t\t\t\t\t<\/div>\n\t\t<\/section>\n\t\t\t\t<section class=\"elementor-section elementor-top-section elementor-element elementor-element-55f1e662 elementor-section-boxed elementor-section-height-default elementor-section-height-default\" data-id=\"55f1e662\" data-element_type=\"section\" data-e-type=\"section\" id=\"tablon-de-anuncios\" data-settings=\"{&quot;background_background&quot;:&quot;classic&quot;}\" tablon-de-anuncios=\"\">\n\t\t\t\t\t\t<div class=\"elementor-container elementor-column-gap-no\">\n\t\t\t\t\t<div class=\"elementor-column elementor-col-100 elementor-top-column elementor-element elementor-element-205b089c\" data-id=\"205b089c\" data-element_type=\"column\" data-e-type=\"column\">\n\t\t\t<div class=\"elementor-widget-wrap elementor-element-populated\">\n\t\t\t\t\t\t<section class=\"elementor-section elementor-inner-section elementor-element elementor-element-21a4acfc elementor-section-boxed elementor-section-height-default elementor-section-height-default elementor-invisible\" data-id=\"21a4acfc\" data-element_type=\"section\" data-e-type=\"section\" data-settings=\"{&quot;animation&quot;:&quot;fadeInUp&quot;}\">\n\t\t\t\t\t\t<div class=\"elementor-container elementor-column-gap-no\">\n\t\t\t\t\t<div class=\"elementor-column elementor-col-100 elementor-inner-column elementor-element elementor-element-7c63bb82\" data-id=\"7c63bb82\" data-element_type=\"column\" data-e-type=\"column\">\n\t\t\t<div class=\"elementor-widget-wrap elementor-element-populated\">\n\t\t\t\t\t\t<div class=\"elementor-element elementor-element-3cb31be2 elementor-widget elementor-widget-heading\" data-id=\"3cb31be2\" data-element_type=\"widget\" data-e-type=\"widget\" data-widget_type=\"heading.default\">\n\t\t\t\t<div class=\"elementor-widget-container\">\n\t\t\t\t\t<h1 class=\"elementor-heading-title elementor-size-default\">TABL\u00d3N DE ANUNCIOS<\/h1>\t\t\t\t<\/div>\n\t\t\t\t<\/div>\n\t\t\t\t<div class=\"elementor-element elementor-element-7d8bba4d elementor-widget elementor-widget-text-editor\" data-id=\"7d8bba4d\" data-element_type=\"widget\" data-e-type=\"widget\" data-widget_type=\"text-editor.default\">\n\t\t\t\t<div class=\"elementor-widget-container\">\n\t\t\t\t\t\t\t\t\t<h4><span style=\"color: #c1536b;\">Ent\u00e9rate de las \u00faltimas noticias y novedades<\/span><\/h4>\t\t\t\t\t\t\t\t<\/div>\n\t\t\t\t<\/div>\n\t\t\t\t\t<\/div>\n\t\t<\/div>\n\t\t\t\t\t<\/div>\n\t\t<\/section>\n\t\t\t\t<section class=\"elementor-section elementor-inner-section elementor-element elementor-element-15a6e05b elementor-section-boxed elementor-section-height-default elementor-section-height-default elementor-invisible\" data-id=\"15a6e05b\" data-element_type=\"section\" data-e-type=\"section\" data-settings=\"{&quot;animation&quot;:&quot;fadeInUp&quot;}\">\n\t\t\t\t\t\t<div class=\"elementor-container elementor-column-gap-default\">\n\t\t\t\t\t<div class=\"elementor-column elementor-col-100 elementor-inner-column elementor-element elementor-element-1261de5c\" data-id=\"1261de5c\" data-element_type=\"column\" data-e-type=\"column\">\n\t\t\t<div class=\"elementor-widget-wrap elementor-element-populated\">\n\t\t\t\t\t\t<div class=\"elementor-element elementor-element-076b1f3 elementor-grid-1 elementor-grid-tablet-2 elementor-grid-mobile-1 elementor-posts--thumbnail-top elementor-card-shadow-yes elementor-posts__hover-gradient elementor-widget elementor-widget-posts\" data-id=\"076b1f3\" data-element_type=\"widget\" data-e-type=\"widget\" data-settings=\"{&quot;cards_columns&quot;:&quot;1&quot;,&quot;cards_columns_tablet&quot;:&quot;2&quot;,&quot;cards_columns_mobile&quot;:&quot;1&quot;,&quot;cards_row_gap&quot;:{&quot;unit&quot;:&quot;px&quot;,&quot;size&quot;:35,&quot;sizes&quot;:[]},&quot;cards_row_gap_tablet&quot;:{&quot;unit&quot;:&quot;px&quot;,&quot;size&quot;:&quot;&quot;,&quot;sizes&quot;:[]},&quot;cards_row_gap_mobile&quot;:{&quot;unit&quot;:&quot;px&quot;,&quot;size&quot;:&quot;&quot;,&quot;sizes&quot;:[]}}\" data-widget_type=\"posts.cards\">\n\t\t\t\t<div class=\"elementor-widget-container\">\n\t\t\t\t\t\t\t<div class=\"elementor-posts-container elementor-posts elementor-posts--skin-cards elementor-grid\" role=\"list\">\n\t\t\t\t<article class=\"elementor-post elementor-grid-item post-8864 post type-post status-publish format-standard has-post-thumbnail hentry category-destacados category-tablon-de-anuncios\" role=\"listitem\">\n\t\t\t<div class=\"elementor-post__card\">\n\t\t\t\t<a class=\"elementor-post__thumbnail__link\" href=\"https:\/\/escuelamunicipaldeidiomas.toledo.es\/index.php\/2026\/03\/23\/becas-curso-2025-2026\/\" tabindex=\"-1\" ><div class=\"elementor-post__thumbnail\"><img fetchpriority=\"high\" decoding=\"async\" width=\"1536\" height=\"768\" src=\"https:\/\/escuelamunicipaldeidiomas.toledo.es\/wp-content\/uploads\/2026\/03\/BANNER-Convocatoria-de-becas-Emi-2025-2026-1-1536x768.jpg\" class=\"attachment-1536x1536 size-1536x1536 wp-image-8894\" alt=\"\" srcset=\"https:\/\/escuelamunicipaldeidiomas.toledo.es\/wp-content\/uploads\/2026\/03\/BANNER-Convocatoria-de-becas-Emi-2025-2026-1-1536x768.jpg 1536w, https:\/\/escuelamunicipaldeidiomas.toledo.es\/wp-content\/uploads\/2026\/03\/BANNER-Convocatoria-de-becas-Emi-2025-2026-1-300x150.jpg 300w, https:\/\/escuelamunicipaldeidiomas.toledo.es\/wp-content\/uploads\/2026\/03\/BANNER-Convocatoria-de-becas-Emi-2025-2026-1-1024x512.jpg 1024w, https:\/\/escuelamunicipaldeidiomas.toledo.es\/wp-content\/uploads\/2026\/03\/BANNER-Convocatoria-de-becas-Emi-2025-2026-1-768x384.jpg 768w, https:\/\/escuelamunicipaldeidiomas.toledo.es\/wp-content\/uploads\/2026\/03\/BANNER-Convocatoria-de-becas-Emi-2025-2026-1-2048x1024.jpg 2048w\" sizes=\"(max-width: 1536px) 100vw, 1536px\" \/><\/div><\/a>\n\t\t\t\t<div class=\"elementor-post__badge\">Destacados<\/div>\n\t\t\t\t<div class=\"elementor-post__text\">\n\t\t\t\t<h2 class=\"elementor-post__title\">\n\t\t\t<a href=\"https:\/\/escuelamunicipaldeidiomas.toledo.es\/index.php\/2026\/03\/23\/becas-curso-2025-2026\/\" >\n\t\t\t\tBecas curso 2025\/2026\t\t\t<\/a>\n\t\t<\/h2>\n\t\t\t\t\t<div class=\"elementor-post__read-more-wrapper\">\n\t\t\n\t\t<a class=\"elementor-post__read-more\" href=\"https:\/\/escuelamunicipaldeidiomas.toledo.es\/index.php\/2026\/03\/23\/becas-curso-2025-2026\/\" aria-label=\"Read more about Becas curso 2025\/2026\" tabindex=\"-1\" >\n\t\t\tLeer m\u00e1s \u00bb\t\t<\/a>\n\n\t\t\t\t\t<\/div>\n\t\t\t\t<\/div>\n\t\t\t\t\t<\/div>\n\t\t<\/article>\n\t\t\t\t<article class=\"elementor-post elementor-grid-item post-6965 post type-post status-publish format-standard has-post-thumbnail hentry category-destacados category-tablon-de-anuncios\" role=\"listitem\">\n\t\t\t<div class=\"elementor-post__card\">\n\t\t\t\t<a class=\"elementor-post__thumbnail__link\" href=\"https:\/\/escuelamunicipaldeidiomas.toledo.es\/index.php\/2025\/09\/21\/libros-de-texto-curso-2025-2026\/\" tabindex=\"-1\" ><div class=\"elementor-post__thumbnail\"><img decoding=\"async\" width=\"1536\" height=\"768\" src=\"https:\/\/escuelamunicipaldeidiomas.toledo.es\/wp-content\/uploads\/2025\/07\/Banner-Libros-de-texto-2025-2026-1536x768.jpg\" class=\"attachment-1536x1536 size-1536x1536 wp-image-6964\" alt=\"\" srcset=\"https:\/\/escuelamunicipaldeidiomas.toledo.es\/wp-content\/uploads\/2025\/07\/Banner-Libros-de-texto-2025-2026-1536x768.jpg 1536w, https:\/\/escuelamunicipaldeidiomas.toledo.es\/wp-content\/uploads\/2025\/07\/Banner-Libros-de-texto-2025-2026-300x150.jpg 300w, https:\/\/escuelamunicipaldeidiomas.toledo.es\/wp-content\/uploads\/2025\/07\/Banner-Libros-de-texto-2025-2026-1024x512.jpg 1024w, https:\/\/escuelamunicipaldeidiomas.toledo.es\/wp-content\/uploads\/2025\/07\/Banner-Libros-de-texto-2025-2026-768x384.jpg 768w, https:\/\/escuelamunicipaldeidiomas.toledo.es\/wp-content\/uploads\/2025\/07\/Banner-Libros-de-texto-2025-2026-2048x1024.jpg 2048w\" sizes=\"(max-width: 1536px) 100vw, 1536px\" \/><\/div><\/a>\n\t\t\t\t<div class=\"elementor-post__badge\">Destacados<\/div>\n\t\t\t\t<div class=\"elementor-post__text\">\n\t\t\t\t<h2 class=\"elementor-post__title\">\n\t\t\t<a href=\"https:\/\/escuelamunicipaldeidiomas.toledo.es\/index.php\/2025\/09\/21\/libros-de-texto-curso-2025-2026\/\" >\n\t\t\t\tLibros de texto curso 2025-2026\t\t\t<\/a>\n\t\t<\/h2>\n\t\t\t\t\t<div class=\"elementor-post__read-more-wrapper\">\n\t\t\n\t\t<a class=\"elementor-post__read-more\" href=\"https:\/\/escuelamunicipaldeidiomas.toledo.es\/index.php\/2025\/09\/21\/libros-de-texto-curso-2025-2026\/\" aria-label=\"Read more about Libros de texto curso 2025-2026\" tabindex=\"-1\" >\n\t\t\tLeer m\u00e1s \u00bb\t\t<\/a>\n\n\t\t\t\t\t<\/div>\n\t\t\t\t<\/div>\n\t\t\t\t\t<\/div>\n\t\t<\/article>\n\t\t\t\t<article class=\"elementor-post elementor-grid-item post-6933 post type-post status-publish format-standard hentry category-tablon-de-anuncios\" role=\"listitem\">\n\t\t\t<div class=\"elementor-post__card\">\n\t\t\t\t<div class=\"elementor-post__text\">\n\t\t\t\t<h2 class=\"elementor-post__title\">\n\t\t\t<a href=\"https:\/\/escuelamunicipaldeidiomas.toledo.es\/index.php\/2025\/09\/18\/comienzo-de-curso\/\" >\n\t\t\t\tCOMIENZO DE CURSO\t\t\t<\/a>\n\t\t<\/h2>\n\t\t\t\t\t<div class=\"elementor-post__read-more-wrapper\">\n\t\t\n\t\t<a class=\"elementor-post__read-more\" href=\"https:\/\/escuelamunicipaldeidiomas.toledo.es\/index.php\/2025\/09\/18\/comienzo-de-curso\/\" aria-label=\"Read more about COMIENZO DE CURSO\" tabindex=\"-1\" >\n\t\t\tLeer m\u00e1s \u00bb\t\t<\/a>\n\n\t\t\t\t\t<\/div>\n\t\t\t\t<\/div>\n\t\t\t\t\t<\/div>\n\t\t<\/article>\n\t\t\t\t<article class=\"elementor-post elementor-grid-item post-6748 post type-post status-publish format-standard hentry category-tablon-de-anuncios\" role=\"listitem\">\n\t\t\t<div class=\"elementor-post__card\">\n\t\t\t\t<div class=\"elementor-post__text\">\n\t\t\t\t<h2 class=\"elementor-post__title\">\n\t\t\t<a href=\"https:\/\/escuelamunicipaldeidiomas.toledo.es\/index.php\/2025\/09\/02\/horarios-de-clase-curso-2025-2026\/\" >\n\t\t\t\tHorarios de clase curso 2025-2026\t\t\t<\/a>\n\t\t<\/h2>\n\t\t\t\t\t<div class=\"elementor-post__read-more-wrapper\">\n\t\t\n\t\t<a class=\"elementor-post__read-more\" href=\"https:\/\/escuelamunicipaldeidiomas.toledo.es\/index.php\/2025\/09\/02\/horarios-de-clase-curso-2025-2026\/\" aria-label=\"Read more about Horarios de clase curso 2025-2026\" tabindex=\"-1\" >\n\t\t\tLeer m\u00e1s \u00bb\t\t<\/a>\n\n\t\t\t\t\t<\/div>\n\t\t\t\t<\/div>\n\t\t\t\t\t<\/div>\n\t\t<\/article>\n\t\t\t\t<article class=\"elementor-post elementor-grid-item post-6430 post type-post status-publish format-standard hentry category-tablon-de-anuncios\" role=\"listitem\">\n\t\t\t<div class=\"elementor-post__card\">\n\t\t\t\t<div class=\"elementor-post__text\">\n\t\t\t\t<h2 class=\"elementor-post__title\">\n\t\t\t<a href=\"https:\/\/escuelamunicipaldeidiomas.toledo.es\/index.php\/2025\/07\/04\/informacion-nuevos-alumnos-curso-2025-2026\/\" >\n\t\t\t\tInformaci\u00f3n nuevos alumnos curso 2025-2026\t\t\t<\/a>\n\t\t<\/h2>\n\t\t\t\t\t<div class=\"elementor-post__read-more-wrapper\">\n\t\t\n\t\t<a class=\"elementor-post__read-more\" href=\"https:\/\/escuelamunicipaldeidiomas.toledo.es\/index.php\/2025\/07\/04\/informacion-nuevos-alumnos-curso-2025-2026\/\" aria-label=\"Read more about Informaci\u00f3n nuevos alumnos curso 2025-2026\" tabindex=\"-1\" >\n\t\t\tLeer m\u00e1s \u00bb\t\t<\/a>\n\n\t\t\t\t\t<\/div>\n\t\t\t\t<\/div>\n\t\t\t\t\t<\/div>\n\t\t<\/article>\n\t\t\t\t<\/div>\n\t\t\n\t\t\t\t\t\t<\/div>\n\t\t\t\t<\/div>\n\t\t\t\t\t<\/div>\n\t\t<\/div>\n\t\t\t\t\t<\/div>\n\t\t<\/section>\n\t\t\t\t\t<\/div>\n\t\t<\/div>\n\t\t\t\t\t<\/div>\n\t\t<\/section>\n\t\t\t\t<\/div>\n\t\t","protected":false},"excerpt":{"rendered":"<p>Preinscripci\u00f3n El formulario de preinscripci\u00f3n estar\u00e1 disponible a partir del 1 de septiembre Tasas \u00a0 Revisa las tasas de cada curso\u00a0 Titulaci\u00f3n y certificados Solicitar t\u00edtulos y certificados \u00a0 TABL\u00d3N DE ANUNCIOS Ent\u00e9rate de las \u00faltimas noticias y novedades<\/p>\n","protected":false},"author":1,"featured_media":0,"parent":0,"menu_order":0,"comment_status":"closed","ping_status":"closed","template":"elementor_header_footer","meta":{"_bbp_topic_count":0,"_bbp_reply_count":0,"_bbp_total_topic_count":0,"_bbp_total_reply_count":0,"_bbp_voice_count":0,"_bbp_anonymous_reply_count":0,"_bbp_topic_count_hidden":0,"_bbp_reply_count_hidden":0,"_bbp_forum_subforum_count":0,"site-sidebar-layout":"default","site-content-layout":"","ast-site-content-layout":"default","site-content-style":"default","site-sidebar-style":"default","ast-global-header-display":"","ast-banner-title-visibility":"","ast-main-header-display":"","ast-hfb-above-header-display":"","ast-hfb-below-header-display":"","ast-hfb-mobile-header-display":"","site-post-title":"disabled","ast-breadcrumbs-content":"","ast-featured-img":"","footer-sml-layout":"","ast-disable-related-posts":"","theme-transparent-header-meta":"","adv-header-id-meta":"","stick-header-meta":"","header-above-stick-meta":"","header-main-stick-meta":"","header-below-stick-meta":"","astra-migrate-meta-layouts":"default","ast-page-background-enabled":"default","ast-page-background-meta":{"desktop":{"background-color":"var(--ast-global-color-5)","background-image":"","background-repeat":"repeat","background-position":"center center","background-size":"auto","background-attachment":"scroll","background-type":"","background-media":"","overlay-type":"","overlay-color":"","overlay-opacity":"","overlay-gradient":""},"tablet":{"background-color":"","background-image":"","background-repeat":"repeat","background-position":"center center","background-size":"auto","background-attachment":"scroll","background-type":"","background-media":"","overlay-type":"","overlay-color":"","overlay-opacity":"","overlay-gradient":""},"mobile":{"background-color":"","background-image":"","background-repeat":"repeat","background-position":"center center","background-size":"auto","background-attachment":"scroll","background-type":"","background-media":"","overlay-type":"","overlay-color":"","overlay-opacity":"","overlay-gradient":""}},"ast-content-background-meta":{"desktop":{"background-color":"var(--ast-global-color-4)","background-image":"","background-repeat":"repeat","background-position":"center center","background-size":"auto","background-attachment":"scroll","background-type":"","background-media":"","overlay-type":"","overlay-color":"","overlay-opacity":"","overlay-gradient":""},"tablet":{"background-color":"var(--ast-global-color-4)","background-image":"","background-repeat":"repeat","background-position":"center center","background-size":"auto","background-attachment":"scroll","background-type":"","background-media":"","overlay-type":"","overlay-color":"","overlay-opacity":"","overlay-gradient":""},"mobile":{"background-color":"var(--ast-global-color-4)","background-image":"","background-repeat":"repeat","background-position":"center center","background-size":"auto","background-attachment":"scroll","background-type":"","background-media":"","overlay-type":"","overlay-color":"","overlay-opacity":"","overlay-gradient":""}},"footnotes":""},"class_list":["post-831","page","type-page","status-publish","hentry"],"_links":{"self":[{"href":"https:\/\/escuelamunicipaldeidiomas.toledo.es\/index.php\/wp-json\/wp\/v2\/pages\/831","targetHints":{"allow":["GET"]}}],"collection":[{"href":"https:\/\/escuelamunicipaldeidiomas.toledo.es\/index.php\/wp-json\/wp\/v2\/pages"}],"about":[{"href":"https:\/\/escuelamunicipaldeidiomas.toledo.es\/index.php\/wp-json\/wp\/v2\/types\/page"}],"author":[{"embeddable":true,"href":"https:\/\/escuelamunicipaldeidiomas.toledo.es\/index.php\/wp-json\/wp\/v2\/users\/1"}],"replies":[{"embeddable":true,"href":"https:\/\/escuelamunicipaldeidiomas.toledo.es\/index.php\/wp-json\/wp\/v2\/comments?post=831"}],"version-history":[{"count":0,"href":"https:\/\/escuelamunicipaldeidiomas.toledo.es\/index.php\/wp-json\/wp\/v2\/pages\/831\/revisions"}],"wp:attachment":[{"href":"https:\/\/escuelamunicipaldeidiomas.toledo.es\/index.php\/wp-json\/wp\/v2\/media?parent=831"}],"curies":[{"name":"wp","href":"https:\/\/api.w.org\/{rel}","templated":true}]}}