{"id":891,"date":"2025-01-16T08:15:28","date_gmt":"2025-01-16T07:15:28","guid":{"rendered":"https:\/\/escuelaidiomatoledo.live-website.com\/?page_id=891"},"modified":"2025-06-13T07:09:29","modified_gmt":"2025-06-13T05:09:29","slug":"secretaria","status":"publish","type":"page","link":"https:\/\/escuelamunicipaldeidiomas.toledo.es\/index.php\/secretaria\/","title":{"rendered":"Secretar\u00eda"},"content":{"rendered":"\t\t<div data-elementor-type=\"wp-page\" data-elementor-id=\"891\" class=\"elementor elementor-891\" data-elementor-post-type=\"page\">\n\t\t\t\t\t\t<section class=\"elementor-section elementor-top-section elementor-element elementor-element-645f0401 elementor-section-boxed elementor-section-height-default elementor-section-height-default\" data-id=\"645f0401\" data-element_type=\"section\" data-e-type=\"section\" data-settings=\"{&quot;background_background&quot;:&quot;classic&quot;}\">\n\t\t\t\t\t\t<div class=\"elementor-container elementor-column-gap-no\">\n\t\t\t\t\t<div class=\"elementor-column elementor-col-100 elementor-top-column elementor-element elementor-element-1dbb64f6\" data-id=\"1dbb64f6\" data-element_type=\"column\" data-e-type=\"column\">\n\t\t\t<div class=\"elementor-widget-wrap elementor-element-populated\">\n\t\t\t\t\t\t<div class=\"elementor-element elementor-element-8b41b8 elementor-invisible elementor-widget elementor-widget-heading\" data-id=\"8b41b8\" data-element_type=\"widget\" data-e-type=\"widget\" data-settings=\"{&quot;_animation&quot;:&quot;fadeInUp&quot;}\" data-widget_type=\"heading.default\">\n\t\t\t\t<div class=\"elementor-widget-container\">\n\t\t\t\t\t<h2 class=\"elementor-heading-title elementor-size-default\">Secretar\u00eda<\/h2>\t\t\t\t<\/div>\n\t\t\t\t<\/div>\n\t\t\t\t<div class=\"elementor-element elementor-element-fc6fd31 elementor-invisible elementor-widget elementor-widget-heading\" data-id=\"fc6fd31\" data-element_type=\"widget\" data-e-type=\"widget\" data-settings=\"{&quot;_animation&quot;:&quot;fadeInUp&quot;}\" data-widget_type=\"heading.default\">\n\t\t\t\t<div class=\"elementor-widget-container\">\n\t\t\t\t\t<h2 class=\"elementor-heading-title elementor-size-default\">Horario<\/h2>\t\t\t\t<\/div>\n\t\t\t\t<\/div>\n\t\t\t\t<div class=\"elementor-element elementor-element-57deb296 elementor-invisible elementor-widget elementor-widget-text-editor\" data-id=\"57deb296\" data-element_type=\"widget\" data-e-type=\"widget\" data-settings=\"{&quot;_animation&quot;:&quot;fadeInUp&quot;}\" data-widget_type=\"text-editor.default\">\n\t\t\t\t<div class=\"elementor-widget-container\">\n\t\t\t\t\t\t\t\t\t<div style=\"max-width: 600px; margin: auto; font-family: 'Poppins', sans-serif;\"><div style=\"background-color: #f0f4f8; border-radius: 12px; padding: 20px; margin-bottom: 20px; box-shadow: 0 4px 10px rgba(0,0,0,0.1); text-align: center;\"><h4>\u00a0<\/h4><h4 style=\"color: #2c3e50; margin-bottom: 10px; font-weight: 600;\"><span style=\"color: #000000;\">Escuela Municipal de Idiomas<\/span><\/h4><p style=\"font-size: 16px; color: #34495e; line-height: 1.6;\">Lunes a Viernes<br \/>16:00 &#8211; 21:00<\/p><\/div><div style=\"background-color: #f0f4f8; border-radius: 12px; padding: 20px; box-shadow: 0 4px 10px rgba(0,0,0,0.1); text-align: center;\"><h4>\u00a0<\/h4><h4 style=\"color: #2c3e50; margin-bottom: 10px; font-weight: 600;\"><span style=\"color: #000000;\">Centro Social &#8211; Sta. Mar\u00eda de Benquerencia<\/span><\/h4><p style=\"font-size: 16px; color: #34495e; line-height: 1.6;\">Lunes a Viernes<br \/>16:00 &#8211; 21:00<\/p><\/div><\/div>\t\t\t\t\t\t\t\t<\/div>\n\t\t\t\t<\/div>\n\t\t\t\t<div class=\"elementor-element elementor-element-3b5d916 elementor-widget-divider--view-line elementor-widget elementor-widget-divider\" data-id=\"3b5d916\" data-element_type=\"widget\" data-e-type=\"widget\" data-widget_type=\"divider.default\">\n\t\t\t\t<div class=\"elementor-widget-container\">\n\t\t\t\t\t\t\t<div class=\"elementor-divider\">\n\t\t\t<span class=\"elementor-divider-separator\">\n\t\t\t\t\t\t<\/span>\n\t\t<\/div>\n\t\t\t\t\t\t<\/div>\n\t\t\t\t<\/div>\n\t\t\t\t<div class=\"elementor-element elementor-element-5f31c49 elementor-invisible elementor-widget elementor-widget-heading\" data-id=\"5f31c49\" data-element_type=\"widget\" data-e-type=\"widget\" data-settings=\"{&quot;_animation&quot;:&quot;fadeInUp&quot;}\" data-widget_type=\"heading.default\">\n\t\t\t\t<div class=\"elementor-widget-container\">\n\t\t\t\t\t<h2 class=\"elementor-heading-title elementor-size-default\">Planes de estudio<\/h2>\t\t\t\t<\/div>\n\t\t\t\t<\/div>\n\t\t\t\t<div class=\"elementor-element elementor-element-7fe17efc elementor-invisible elementor-widget elementor-widget-text-editor\" data-id=\"7fe17efc\" data-element_type=\"widget\" data-e-type=\"widget\" data-settings=\"{&quot;_animation&quot;:&quot;fadeInUp&quot;}\" data-widget_type=\"text-editor.default\">\n\t\t\t\t<div class=\"elementor-widget-container\">\n\t\t\t\t\t\t\t\t\t<div style=\"max-width: 800px; margin: auto; font-family: 'Poppins', sans-serif;\"><div style=\"background-color: #f0f4f8; border-radius: 12px; padding: 25px; box-shadow: 0 4px 10px rgba(0,0,0,0.1); margin-bottom: 20px;\"><h3 style=\"color: #2c3e50; text-align: center; margin-bottom: 20px;\"><span style=\"font-size: 14px; color: #7f8c8d;\"><br \/><span style=\"color: #999999;\">(Niveles aproximados seg\u00fan el est\u00e1ndar de referencia de los ex\u00e1menes oficiales de Cambridge y Delf)<\/span><br \/><\/span><\/h3><div style=\"margin-bottom: 20px;\"><h4 style=\"color: #34495e; font-weight: 600;\"><span style=\"color: #000000;\">Ciclo Inicial <\/span><span style=\"font-size: 14px; color: #999999;\">(Menores de 14 a\u00f1os)<\/span><\/h4><ul style=\"list-style-type: none; padding-left: 0; font-size: 16px;\"><li style=\"padding: 6px 0;\"><span style=\"color: #c1536b;\">\u2022 Grado Starter: matriculados en 4\u00ba de Primaria<\/span><\/li><li style=\"padding: 6px 0;\"><span style=\"color: #c1536b;\">\u2022 Grado A: matriculados en 5\u00ba \u2013 6\u00ba de Primaria<\/span><\/li><li style=\"padding: 6px 0;\"><span style=\"color: #c1536b;\">\u2022 Grado B: matriculados en 6\u00ba Primaria, 1\u00ba ESO, 2\u00ba ESO<\/span><\/li><li style=\"padding: 6px 0;\"><span style=\"color: #c1536b;\">\u2022 Grado C (A2): matriculados en 1\u00ba ESO, 2\u00ba ESO, 3\u00ba ESO<\/span><\/li><\/ul><\/div><div><h4 style=\"color: #34495e; font-weight: 600;\"><span style=\"color: #000000;\">Ciclo Superior<\/span> <span style=\"font-size: 14px; color: #7f8c8d;\">(Mayores de 14 a\u00f1os y sin l\u00edmite de edad)<\/span><\/h4><ul style=\"list-style-type: none; padding-left: 0; font-size: 16px;\"><li style=\"padding: 6px 0;\"><span style=\"color: #c1536b;\">\u2022 Iniciaci\u00f3n B\u00e1sico<\/span><\/li><li style=\"padding: 6px 0;\"><span style=\"color: #c1536b;\">\u2022 Iniciaci\u00f3n + (A2)<\/span><\/li><li style=\"padding: 6px 0;\"><span style=\"color: #c1536b;\">\u2022 1\u00ba (B1)<\/span><\/li><li style=\"padding: 6px 0;\"><span style=\"color: #c1536b;\">\u2022 2\u00ba (B1+)<\/span><\/li><li style=\"padding: 6px 0;\"><span style=\"color: #c1536b;\">\u2022 3\u00ba (B2)<\/span><\/li><li style=\"padding: 6px 0;\"><span style=\"color: #c1536b;\">\u2022 4\u00ba (C1)<\/span><\/li><\/ul><\/div><\/div><\/div>\t\t\t\t\t\t\t\t<\/div>\n\t\t\t\t<\/div>\n\t\t\t\t\t<\/div>\n\t\t<\/div>\n\t\t\t\t\t<\/div>\n\t\t<\/section>\n\t\t\t\t<\/div>\n\t\t","protected":false},"excerpt":{"rendered":"<p>Secretar\u00eda Horario \u00a0 Escuela Municipal de Idiomas Lunes a Viernes16:00 &#8211; 21:00 \u00a0 Centro Social &#8211; Sta. Mar\u00eda de Benquerencia [&hellip;]<\/p>\n","protected":false},"author":1,"featured_media":0,"parent":0,"menu_order":0,"comment_status":"closed","ping_status":"closed","template":"elementor_header_footer","meta":{"_bbp_topic_count":0,"_bbp_reply_count":0,"_bbp_total_topic_count":0,"_bbp_total_reply_count":0,"_bbp_voice_count":0,"_bbp_anonymous_reply_count":0,"_bbp_topic_count_hidden":0,"_bbp_reply_count_hidden":0,"_bbp_forum_subforum_count":0,"site-sidebar-layout":"default","site-content-layout":"","ast-site-content-layout":"default","site-content-style":"default","site-sidebar-style":"default","ast-global-header-display":"","ast-banner-title-visibility":"","ast-main-header-display":"","ast-hfb-above-header-display":"","ast-hfb-below-header-display":"","ast-hfb-mobile-header-display":"","site-post-title":"","ast-breadcrumbs-content":"","ast-featured-img":"","footer-sml-layout":"","ast-disable-related-posts":"","theme-transparent-header-meta":"default","adv-header-id-meta":"","stick-header-meta":"","header-above-stick-meta":"","header-main-stick-meta":"","header-below-stick-meta":"","astra-migrate-meta-layouts":"set","ast-page-background-enabled":"default","ast-page-background-meta":{"desktop":{"background-color":"var(--ast-global-color-5)","background-image":"","background-repeat":"repeat","background-position":"center center","background-size":"auto","background-attachment":"scroll","background-type":"","background-media":"","overlay-type":"","overlay-color":"","overlay-opacity":"","overlay-gradient":""},"tablet":{"background-color":"","background-image":"","background-repeat":"repeat","background-position":"center center","background-size":"auto","background-attachment":"scroll","background-type":"","background-media":"","overlay-type":"","overlay-color":"","overlay-opacity":"","overlay-gradient":""},"mobile":{"background-color":"","background-image":"","background-repeat":"repeat","background-position":"center center","background-size":"auto","background-attachment":"scroll","background-type":"","background-media":"","overlay-type":"","overlay-color":"","overlay-opacity":"","overlay-gradient":""}},"ast-content-background-meta":{"desktop":{"background-color":"var(--ast-global-color-4)","background-image":"","background-repeat":"repeat","background-position":"center center","background-size":"auto","background-attachment":"scroll","background-type":"","background-media":"","overlay-type":"","overlay-color":"","overlay-opacity":"","overlay-gradient":""},"tablet":{"background-color":"var(--ast-global-color-4)","background-image":"","background-repeat":"repeat","background-position":"center center","background-size":"auto","background-attachment":"scroll","background-type":"","background-media":"","overlay-type":"","overlay-color":"","overlay-opacity":"","overlay-gradient":""},"mobile":{"background-color":"var(--ast-global-color-4)","background-image":"","background-repeat":"repeat","background-position":"center center","background-size":"auto","background-attachment":"scroll","background-type":"","background-media":"","overlay-type":"","overlay-color":"","overlay-opacity":"","overlay-gradient":""}},"footnotes":""},"class_list":["post-891","page","type-page","status-publish","hentry"],"_links":{"self":[{"href":"https:\/\/escuelamunicipaldeidiomas.toledo.es\/index.php\/wp-json\/wp\/v2\/pages\/891","targetHints":{"allow":["GET"]}}],"collection":[{"href":"https:\/\/escuelamunicipaldeidiomas.toledo.es\/index.php\/wp-json\/wp\/v2\/pages"}],"about":[{"href":"https:\/\/escuelamunicipaldeidiomas.toledo.es\/index.php\/wp-json\/wp\/v2\/types\/page"}],"author":[{"embeddable":true,"href":"https:\/\/escuelamunicipaldeidiomas.toledo.es\/index.php\/wp-json\/wp\/v2\/users\/1"}],"replies":[{"embeddable":true,"href":"https:\/\/escuelamunicipaldeidiomas.toledo.es\/index.php\/wp-json\/wp\/v2\/comments?post=891"}],"version-history":[{"count":0,"href":"https:\/\/escuelamunicipaldeidiomas.toledo.es\/index.php\/wp-json\/wp\/v2\/pages\/891\/revisions"}],"wp:attachment":[{"href":"https:\/\/escuelamunicipaldeidiomas.toledo.es\/index.php\/wp-json\/wp\/v2\/media?parent=891"}],"curies":[{"name":"wp","href":"https:\/\/api.w.org\/{rel}","templated":true}]}}